{"id":1288,"date":"2018-04-09T14:40:57","date_gmt":"2018-04-09T14:40:57","guid":{"rendered":"https:\/\/bestaliproducts.com\/?page_id=1288"},"modified":"2023-06-06T02:59:09","modified_gmt":"2023-06-06T02:59:09","slug":"about","status":"publish","type":"page","link":"https:\/\/bestaliproducts.com\/de\/uber\/","title":{"rendered":"\u00dcber mich - Jessica Peterson"},"content":{"rendered":"<p>Hallo Aliexpress-Liebhaber, wir sind alle hier, um zu teilen und zu pflegen. <\/p>\n\n\n\n<p>Mein Name ist <strong>Jessica Peterson<\/strong>.<\/p>\n\n\n\n<figure class=\"wp-block-image size-full\"><img decoding=\"async\" width=\"400\" height=\"400\" src=\"https:\/\/bestaliproducts.com\/wp-content\/uploads\/2017\/07\/ava-abotu.jpg\" alt=\"bestaliproducts\" class=\"wp-image-912\" srcset=\"https:\/\/bestaliproducts.com\/wp-content\/uploads\/2017\/07\/ava-abotu.jpg 400w, https:\/\/bestaliproducts.com\/wp-content\/uploads\/2017\/07\/ava-abotu-150x150.jpg 150w, https:\/\/bestaliproducts.com\/wp-content\/uploads\/2017\/07\/ava-abotu-300x300.jpg 300w\" sizes=\"(max-width: 400px) 100vw, 400px\" \/><\/figure>\n\n\n\n<p>Ich kaufe seit 2015 auf Aliexpress ein. <\/p>\n\n\n\n<p>AliExpress ist heute einer der gr\u00f6\u00dften E-Commerce-Giganten der Welt. Es handelt sich um eine riesige Plattform, die K\u00e4ufer und Verk\u00e4ufer zusammenbringt. Trotz des enormen Erfolges werden Sie Leute finden, die Sie davor warnen, bestimmte Produkte bei AliExpress zu kaufen. Ich habe geh\u00f6rt, wie Leute von ihren Erfahrungen mit Produkten berichteten, von denen sie w\u00fcnschten, sie w\u00e4ren nie bestellt worden.&nbsp;<\/p>\n\n\n\n<p>Haben Sie ein mulmiges Gef\u00fchl, nachdem Sie erfahren haben, dass es auf AliExpress Produkte gibt, die Sie auf jeden Fall nicht kaufen sollten? Oder sind Sie neugierig darauf, was diese Produkte sind?&nbsp;<\/p>\n\n\n\n<p>Ich stelle gerne Videos dar\u00fcber ein, was man kaufen sollte.<\/p>\n\n\n\n<p>Sehen Sie sich meine <a href=\"https:\/\/www.youtube.com\/channel\/UCTHy7Lm9DLrrVMoqqXQGWeQ\" target=\"_blank\" rel=\"noreferrer noopener\">Youtube-Kanal hier<\/a><\/p>\n\n\n\n<h2 class=\"wp-block-heading\">Ratschl\u00e4ge f\u00fcr den Kauf bei Aliexpress <\/h2>\n\n\n\n<p>Wir wissen, was wir einkaufen sollten und was nicht.<\/p>\n\n\n\n<p>In diesem Artikel hier erfahren Sie WIE und WARUM.<\/p>\n\n\n\n<figure class=\"wp-block-embed is-type-wp-embed is-provider-best-selling-aliexpress-products-at-your-fingertips wp-block-embed-best-selling-aliexpress-products-at-your-fingertips\"><div class=\"wp-block-embed__wrapper\">\n<blockquote class=\"wp-embedded-content\" data-secret=\"DqfqcoLCC0\"><a href=\"https:\/\/bestaliproducts.com\/10-awesome-things-buy-aliexpress\/\">20 tolle Dinge zum KAUFEN bei Aliexpress (Nov 2021)<\/a><\/blockquote><iframe class=\"wp-embedded-content\" sandbox=\"allow-scripts\" security=\"restricted\" style=\"position: absolute; clip: rect(1px, 1px, 1px, 1px);\" title=\"&quot;20 tolle Dinge, die man bei Aliexpress kaufen kann (Nov 2021)&quot; - Die meistverkauften Aliexpress-Produkte an Ihren Fingerspitzen\" src=\"https:\/\/bestaliproducts.com\/10-awesome-things-buy-aliexpress\/embed\/#?secret=DqfqcoLCC0\" data-secret=\"DqfqcoLCC0\" width=\"600\" height=\"338\" frameborder=\"0\" marginwidth=\"0\" marginheight=\"0\" scrolling=\"no\"><\/iframe>\n<\/div><\/figure>\n\n\n\n<p>Ich wei\u00df, dass es schwierig (fast unm\u00f6glich) ist, sich vom Kauf der meisten der oben genannten Produkte abzuhalten. Es ist jedoch von gr\u00f6\u00dfter Wichtigkeit, dass du deine Augen von diesen Produkten abwendest und stattdessen Dinge auf AliExpress kaufst, die erstaunlich sind. Es gibt tonnenweise Produkte auf AliExpress, die jeden Cent wert sind, den du f\u00fcr sie ausgibst.<\/p>\n\n\n\n<p>Sind Sie also mit Ihrem neu erworbenen Wissen bereit, von diesen Produkten Abstand zu nehmen?&nbsp;&nbsp;<\/p>\n\n\n\n<h3 class=\"wp-block-heading\">Sehen Sie sich einige meiner TOP POST ON ALIEXPRESS PRODUCTS HIER an.<\/h3>\n\n\n\n<figure class=\"wp-block-embed is-type-wp-embed is-provider-best-selling-aliexpress-products-at-your-fingertips wp-block-embed-best-selling-aliexpress-products-at-your-fingertips\"><div class=\"wp-block-embed__wrapper\">\n<blockquote class=\"wp-embedded-content\" data-secret=\"3Vz8BEhbCC\"><a href=\"https:\/\/bestaliproducts.com\/top-5-airpod-replicas-aliexpress\/\">Top Fake AirPods Pro und Airpods 3 Klon auf Aliexpress (Nov 2021)<\/a><\/blockquote><iframe class=\"wp-embedded-content\" sandbox=\"allow-scripts\" security=\"restricted\" style=\"position: absolute; clip: rect(1px, 1px, 1px, 1px);\" title=\"&quot;Top Fake AirPods Pro und Airpods 3 Clone auf Aliexpress (Nov 2021)&quot; - Meistverkaufte Aliexpress Produkte an Ihren Fingerspitzen\" src=\"https:\/\/bestaliproducts.com\/top-5-airpod-replicas-aliexpress\/embed\/#?secret=3Vz8BEhbCC\" data-secret=\"3Vz8BEhbCC\" width=\"600\" height=\"338\" frameborder=\"0\" marginwidth=\"0\" marginheight=\"0\" scrolling=\"no\"><\/iframe>\n<\/div><\/figure>\n\n\n\n<figure class=\"wp-block-embed is-type-wp-embed is-provider-best-selling-aliexpress-products-at-your-fingertips wp-block-embed-best-selling-aliexpress-products-at-your-fingertips\"><div class=\"wp-block-embed__wrapper\">\n<blockquote class=\"wp-embedded-content\" data-secret=\"VG45MeMGIW\"><a href=\"https:\/\/bestaliproducts.com\/top-10-chinese-smartwatches-under-100\/\">Beste 12 Chinesisch Smartwatch auf Aliexpress 2021<\/a><\/blockquote><iframe class=\"wp-embedded-content\" sandbox=\"allow-scripts\" security=\"restricted\" style=\"position: absolute; clip: rect(1px, 1px, 1px, 1px);\" title=\"&quot;Best 12 Chinese Smartwatch on Aliexpress 2021&quot; - Best Selling Aliexpress Products at your Fingertips\" src=\"https:\/\/bestaliproducts.com\/top-10-chinese-smartwatches-under-100\/embed\/#?secret=VG45MeMGIW\" data-secret=\"VG45MeMGIW\" width=\"600\" height=\"338\" frameborder=\"0\" marginwidth=\"0\" marginheight=\"0\" scrolling=\"no\"><\/iframe>\n<\/div><\/figure>\n\n\n\n<figure class=\"wp-block-embed is-type-wp-embed is-provider-best-selling-aliexpress-products-at-your-fingertips wp-block-embed-best-selling-aliexpress-products-at-your-fingertips\"><div class=\"wp-block-embed__wrapper\">\n<blockquote class=\"wp-embedded-content\" data-secret=\"BZOKYfON8M\"><a href=\"https:\/\/bestaliproducts.com\/best-chinese-wireless-earbuds-on-aliexpress\/\">Top Chinese Wireless Ohrst\u00f6psel auf Aliexpress 2021<\/a><\/blockquote><iframe class=\"wp-embedded-content\" sandbox=\"allow-scripts\" security=\"restricted\" style=\"position: absolute; clip: rect(1px, 1px, 1px, 1px);\" title=\"&quot;Top Chinese Wireless Earbuds on Aliexpress 2021&quot; - Best Selling Aliexpress Produkte an Ihren Fingerspitzen\" src=\"https:\/\/bestaliproducts.com\/best-chinese-wireless-earbuds-on-aliexpress\/embed\/#?secret=BZOKYfON8M\" data-secret=\"BZOKYfON8M\" width=\"600\" height=\"338\" frameborder=\"0\" marginwidth=\"0\" marginheight=\"0\" scrolling=\"no\"><\/iframe>\n<\/div><\/figure>\n\n\n\n<figure class=\"wp-block-embed is-type-wp-embed is-provider-best-selling-aliexpress-products-at-your-fingertips wp-block-embed-best-selling-aliexpress-products-at-your-fingertips\"><div class=\"wp-block-embed__wrapper\">\n<blockquote class=\"wp-embedded-content\" data-secret=\"LfIZ6tkTD8\"><a href=\"https:\/\/bestaliproducts.com\/top-5-clothing-stores-for-women-on-aliexpress\/\">Top-Kleidershops f\u00fcr Frauen auf Aliexpress 2021<\/a><\/blockquote><iframe class=\"wp-embedded-content\" sandbox=\"allow-scripts\" security=\"restricted\" style=\"position: absolute; clip: rect(1px, 1px, 1px, 1px);\" title=\"&quot;Top Clothing Stores for Women on Aliexpress 2021&quot; - Best Selling Aliexpress Products at your Fingertips\" src=\"https:\/\/bestaliproducts.com\/top-5-clothing-stores-for-women-on-aliexpress\/embed\/#?secret=LfIZ6tkTD8\" data-secret=\"LfIZ6tkTD8\" width=\"600\" height=\"338\" frameborder=\"0\" marginwidth=\"0\" marginheight=\"0\" scrolling=\"no\"><\/iframe>\n<\/div><\/figure>","protected":false},"excerpt":{"rendered":"<p>Hallo Aliexpress-Liebhaber, wir sind alle hier, um zu teilen und sich zu k\u00fcmmern. Mein Name ist Jessica Peterson. Ich habe seit 2015 auf Aliexpress eingekauft. AliExpress ist eine der gr\u00f6\u00dften...<\/p>","protected":false},"author":1,"featured_media":0,"parent":0,"menu_order":0,"comment_status":"closed","ping_status":"closed","template":"","meta":{"ub_ctt_via":""},"featured_image_src":null,"yoast_head":"<!-- This site is optimized with the Yoast SEO plugin v21.5 - https:\/\/yoast.com\/wordpress\/plugins\/seo\/ -->\n<title>About me - Jessica Peterson - Best Selling Aliexpress Products at your Fingertips<\/title>\n<meta name=\"robots\" content=\"index, follow, max-snippet:-1, max-image-preview:large, max-video-preview:-1\" \/>\n<link rel=\"canonical\" href=\"https:\/\/bestaliproducts.com\/de\/uber\/\" \/>\n<meta property=\"og:locale\" content=\"de_DE\" \/>\n<meta property=\"og:type\" content=\"article\" \/>\n<meta property=\"og:title\" content=\"About me - Jessica Peterson - Best Selling Aliexpress Products at your Fingertips\" \/>\n<meta property=\"og:description\" content=\"Hey Aliexpress lovers, we are all here to share and care. My name is Jessica Peterson. I have being shopping on Aliexpress since 2015. AliExpress is one of the major&hellip;\" \/>\n<meta property=\"og:url\" content=\"https:\/\/bestaliproducts.com\/de\/uber\/\" \/>\n<meta property=\"og:site_name\" content=\"Best Selling Aliexpress Products at your Fingertips\" \/>\n<meta property=\"article:publisher\" content=\"https:\/\/www.facebook.com\/bestaliproducts\/\" \/>\n<meta property=\"article:modified_time\" content=\"2023-06-06T02:59:09+00:00\" \/>\n<meta property=\"og:image\" content=\"https:\/\/bestaliproducts.com\/wp-content\/uploads\/2017\/07\/ava-abotu.jpg\" \/>\n<meta name=\"twitter:card\" content=\"summary_large_image\" \/>\n<meta name=\"twitter:label1\" content=\"Gesch\u00e4tzte Lesezeit\" \/>\n\t<meta name=\"twitter:data1\" content=\"2\u00a0Minuten\" \/>\n<!-- \/ Yoast SEO plugin. -->","yoast_head_json":{"title":"About me - Jessica Peterson - Best Selling Aliexpress Products at your Fingertips","robots":{"index":"index","follow":"follow","max-snippet":"max-snippet:-1","max-image-preview":"max-image-preview:large","max-video-preview":"max-video-preview:-1"},"canonical":"https:\/\/bestaliproducts.com\/de\/uber\/","og_locale":"de_DE","og_type":"article","og_title":"About me - Jessica Peterson - Best Selling Aliexpress Products at your Fingertips","og_description":"Hey Aliexpress lovers, we are all here to share and care. My name is Jessica Peterson. I have being shopping on Aliexpress since 2015. AliExpress is one of the major&hellip;","og_url":"https:\/\/bestaliproducts.com\/de\/uber\/","og_site_name":"Best Selling Aliexpress Products at your Fingertips","article_publisher":"https:\/\/www.facebook.com\/bestaliproducts\/","article_modified_time":"2023-06-06T02:59:09+00:00","og_image":[{"url":"https:\/\/bestaliproducts.com\/wp-content\/uploads\/2017\/07\/ava-abotu.jpg"}],"twitter_card":"summary_large_image","twitter_misc":{"Gesch\u00e4tzte Lesezeit":"2\u00a0Minuten"},"schema":{"@context":"https:\/\/schema.org","@graph":[{"@type":"WebPage","@id":"https:\/\/bestaliproducts.com\/about\/","url":"https:\/\/bestaliproducts.com\/about\/","name":"About me - Jessica Peterson - Best Selling Aliexpress Products at your Fingertips","isPartOf":{"@id":"https:\/\/bestaliproducts.com\/#website"},"datePublished":"2018-04-09T14:40:57+00:00","dateModified":"2023-06-06T02:59:09+00:00","breadcrumb":{"@id":"https:\/\/bestaliproducts.com\/about\/#breadcrumb"},"inLanguage":"de","potentialAction":[{"@type":"ReadAction","target":["https:\/\/bestaliproducts.com\/about\/"]}]},{"@type":"BreadcrumbList","@id":"https:\/\/bestaliproducts.com\/about\/#breadcrumb","itemListElement":[{"@type":"ListItem","position":1,"name":"Home","item":"https:\/\/bestaliproducts.com\/"},{"@type":"ListItem","position":2,"name":"About me &#8211; Jessica Peterson"}]},{"@type":"WebSite","@id":"https:\/\/bestaliproducts.com\/#website","url":"https:\/\/bestaliproducts.com\/","name":"Best Selling Aliexpress Products at your Fingertips","description":"We Review, You Shop","publisher":{"@id":"https:\/\/bestaliproducts.com\/#organization"},"potentialAction":[{"@type":"SearchAction","target":{"@type":"EntryPoint","urlTemplate":"https:\/\/bestaliproducts.com\/?s={search_term_string}"},"query-input":"required name=search_term_string"}],"inLanguage":"de"},{"@type":"Organization","@id":"https:\/\/bestaliproducts.com\/#organization","name":"Best Ali Products","url":"https:\/\/bestaliproducts.com\/","logo":{"@type":"ImageObject","inLanguage":"de","@id":"https:\/\/bestaliproducts.com\/#\/schema\/logo\/image\/","url":"https:\/\/bestaliproducts.com\/wp-content\/uploads\/2018\/12\/bestaliproduct-logo.png","contentUrl":"https:\/\/bestaliproducts.com\/wp-content\/uploads\/2018\/12\/bestaliproduct-logo.png","width":592,"height":89,"caption":"Best Ali Products"},"image":{"@id":"https:\/\/bestaliproducts.com\/#\/schema\/logo\/image\/"},"sameAs":["https:\/\/www.facebook.com\/bestaliproducts\/","https:\/\/www.youtube.com\/channel\/UCTHy7Lm9DLrrVMoqqXQGWeQ"]}]}},"_links":{"self":[{"href":"https:\/\/bestaliproducts.com\/de\/wp-json\/wp\/v2\/pages\/1288"}],"collection":[{"href":"https:\/\/bestaliproducts.com\/de\/wp-json\/wp\/v2\/pages"}],"about":[{"href":"https:\/\/bestaliproducts.com\/de\/wp-json\/wp\/v2\/types\/page"}],"author":[{"embeddable":true,"href":"https:\/\/bestaliproducts.com\/de\/wp-json\/wp\/v2\/users\/1"}],"replies":[{"embeddable":true,"href":"https:\/\/bestaliproducts.com\/de\/wp-json\/wp\/v2\/comments?post=1288"}],"version-history":[{"count":4,"href":"https:\/\/bestaliproducts.com\/de\/wp-json\/wp\/v2\/pages\/1288\/revisions"}],"predecessor-version":[{"id":8933,"href":"https:\/\/bestaliproducts.com\/de\/wp-json\/wp\/v2\/pages\/1288\/revisions\/8933"}],"wp:attachment":[{"href":"https:\/\/bestaliproducts.com\/de\/wp-json\/wp\/v2\/media?parent=1288"}],"curies":[{"name":"wp","href":"https:\/\/api.w.org\/{rel}","templated":true}]}}