{"id":1288,"date":"2018-04-09T14:40:57","date_gmt":"2018-04-09T14:40:57","guid":{"rendered":"https:\/\/bestaliproducts.com\/?page_id=1288"},"modified":"2023-06-06T02:59:09","modified_gmt":"2023-06-06T02:59:09","slug":"about","status":"publish","type":"page","link":"https:\/\/bestaliproducts.com\/es\/acerca-de\/","title":{"rendered":"Sobre m\u00ed - Jessica Peterson"},"content":{"rendered":"<p>Hola amantes de Aliexpress, aqu\u00ed estamos todos para compartir y cuidar. <\/p>\n\n\n\n<p>Me llamo <strong>Jessica Peterson<\/strong>.<\/p>\n\n\n\n<figure class=\"wp-block-image size-full\"><img decoding=\"async\" width=\"400\" height=\"400\" src=\"https:\/\/bestaliproducts.com\/wp-content\/uploads\/2017\/07\/ava-abotu.jpg\" alt=\"bestaliproducts\" class=\"wp-image-912\" srcset=\"https:\/\/bestaliproducts.com\/wp-content\/uploads\/2017\/07\/ava-abotu.jpg 400w, https:\/\/bestaliproducts.com\/wp-content\/uploads\/2017\/07\/ava-abotu-150x150.jpg 150w, https:\/\/bestaliproducts.com\/wp-content\/uploads\/2017\/07\/ava-abotu-300x300.jpg 300w\" sizes=\"(max-width: 400px) 100vw, 400px\" \/><\/figure>\n\n\n\n<p>Llevo comprando en Aliexpress desde 2015. <\/p>\n\n\n\n<p>AliExpress es uno de los mayores gigantes del comercio electr\u00f3nico en el mundo actual. Es una plataforma masiva que pone en contacto a compradores y vendedores. A pesar de su tremendo \u00e9xito, encontrar\u00e1s gente que te advierte contra la compra de ciertos productos en AliExpress. He o\u00eddo a gente contar sus experiencias sobre productos que desear\u00edan no haber pedido nunca.&nbsp;<\/p>\n\n\n\n<p>\u00bfTe sientes mareado despu\u00e9s de saber que AliExpress puede tener productos que deber\u00edas evitar comprar a toda costa? \u00bfO te intriga saber cu\u00e1les son esos productos?&nbsp;<\/p>\n\n\n\n<p>Me encanta preparar v\u00eddeos sobre lo que deber\u00edas comprar.<\/p>\n\n\n\n<p>Echa un vistazo a mi <a href=\"https:\/\/www.youtube.com\/channel\/UCTHy7Lm9DLrrVMoqqXQGWeQ\" target=\"_blank\" rel=\"noreferrer noopener\">Canal de Youtube<\/a><\/p>\n\n\n\n<h2 class=\"wp-block-heading\">Consejos para comprar en Aliexpress <\/h2>\n\n\n\n<p>Sabemos qu\u00e9 comprar y qu\u00e9 no.<\/p>\n\n\n\n<p>Este art\u00edculo le explica C\u00d3MO y POR QU\u00c9.<\/p>\n\n\n\n<figure class=\"wp-block-embed is-type-wp-embed is-provider-best-selling-aliexpress-products-at-your-fingertips wp-block-embed-best-selling-aliexpress-products-at-your-fingertips\"><div class=\"wp-block-embed__wrapper\">\n<blockquote class=\"wp-embedded-content\" data-secret=\"DqfqcoLCC0\"><a href=\"https:\/\/bestaliproducts.com\/10-awesome-things-buy-aliexpress\/\">20 cosas incre\u00edbles para comprar en Aliexpress (Nov 2021)<\/a><\/blockquote><iframe class=\"wp-embedded-content\" sandbox=\"allow-scripts\" security=\"restricted\" style=\"position: absolute; clip: rect(1px, 1px, 1px, 1px);\" title=\"&quot;20 Cosas incre\u00edbles para COMPRAR en Aliexpress (Nov 2021)&quot; - Los productos m\u00e1s vendidos de Aliexpress al alcance de tu mano\" src=\"https:\/\/bestaliproducts.com\/10-awesome-things-buy-aliexpress\/embed\/#?secret=DqfqcoLCC0\" data-secret=\"DqfqcoLCC0\" width=\"600\" height=\"338\" frameborder=\"0\" marginwidth=\"0\" marginheight=\"0\" scrolling=\"no\"><\/iframe>\n<\/div><\/figure>\n\n\n\n<p>S\u00e9 que es dif\u00edcil (casi imposible) dejar de comprar la mayor\u00eda de los productos mencionados anteriormente. Sin embargo, es de suma importancia que apartes tus ojos de estos productos y en su lugar, compres cosas en AliExpress que son incre\u00edbles. Hay toneladas de productos en AliExpress que valen cada centavo que gastas en ellos.<\/p>\n\n\n\n<p>As\u00ed que, con los nuevos conocimientos adquiridos, \u00bfest\u00e1 preparado para evitar estos productos?&nbsp;&nbsp;<\/p>\n\n\n\n<h3 class=\"wp-block-heading\">Echa un vistazo a algunos de mis TOP POST SOBRE PRODUCTOS ALIEXPRESS AQU\u00cd.<\/h3>\n\n\n\n<figure class=\"wp-block-embed is-type-wp-embed is-provider-best-selling-aliexpress-products-at-your-fingertips wp-block-embed-best-selling-aliexpress-products-at-your-fingertips\"><div class=\"wp-block-embed__wrapper\">\n<blockquote class=\"wp-embedded-content\" data-secret=\"3Vz8BEhbCC\"><a href=\"https:\/\/bestaliproducts.com\/top-5-airpod-replicas-aliexpress\/\">Top falsos AirPods Pro y Airpods 3 Clon en Aliexpress (Nov 2021)<\/a><\/blockquote><iframe class=\"wp-embedded-content\" sandbox=\"allow-scripts\" security=\"restricted\" style=\"position: absolute; clip: rect(1px, 1px, 1px, 1px);\" title=\"&quot;Los mejores AirPods Pro y Airpods 3 falsos clonados en Aliexpress (Nov 2021)&quot; - Los productos m\u00e1s vendidos de Aliexpress al alcance de tu mano\" src=\"https:\/\/bestaliproducts.com\/top-5-airpod-replicas-aliexpress\/embed\/#?secret=3Vz8BEhbCC\" data-secret=\"3Vz8BEhbCC\" width=\"600\" height=\"338\" frameborder=\"0\" marginwidth=\"0\" marginheight=\"0\" scrolling=\"no\"><\/iframe>\n<\/div><\/figure>\n\n\n\n<figure class=\"wp-block-embed is-type-wp-embed is-provider-best-selling-aliexpress-products-at-your-fingertips wp-block-embed-best-selling-aliexpress-products-at-your-fingertips\"><div class=\"wp-block-embed__wrapper\">\n<blockquote class=\"wp-embedded-content\" data-secret=\"VG45MeMGIW\"><a href=\"https:\/\/bestaliproducts.com\/top-10-chinese-smartwatches-under-100\/\">Los 12 mejores Smartwatch chinos en Aliexpress 2021<\/a><\/blockquote><iframe class=\"wp-embedded-content\" sandbox=\"allow-scripts\" security=\"restricted\" style=\"position: absolute; clip: rect(1px, 1px, 1px, 1px);\" title=\"&quot;Los 12 mejores Smartwatch chinos en Aliexpress 2021&quot; - Los productos m\u00e1s vendidos de Aliexpress al alcance de tu mano\" src=\"https:\/\/bestaliproducts.com\/top-10-chinese-smartwatches-under-100\/embed\/#?secret=VG45MeMGIW\" data-secret=\"VG45MeMGIW\" width=\"600\" height=\"338\" frameborder=\"0\" marginwidth=\"0\" marginheight=\"0\" scrolling=\"no\"><\/iframe>\n<\/div><\/figure>\n\n\n\n<figure class=\"wp-block-embed is-type-wp-embed is-provider-best-selling-aliexpress-products-at-your-fingertips wp-block-embed-best-selling-aliexpress-products-at-your-fingertips\"><div class=\"wp-block-embed__wrapper\">\n<blockquote class=\"wp-embedded-content\" data-secret=\"BZOKYfON8M\"><a href=\"https:\/\/bestaliproducts.com\/best-chinese-wireless-earbuds-on-aliexpress\/\">Los mejores auriculares inal\u00e1mbricos chinos en Aliexpress 2021<\/a><\/blockquote><iframe class=\"wp-embedded-content\" sandbox=\"allow-scripts\" security=\"restricted\" style=\"position: absolute; clip: rect(1px, 1px, 1px, 1px);\" title=\"&quot;Los mejores auriculares inal\u00e1mbricos chinos en Aliexpress 2021&quot; - Los productos m\u00e1s vendidos de Aliexpress al alcance de tu mano\" src=\"https:\/\/bestaliproducts.com\/best-chinese-wireless-earbuds-on-aliexpress\/embed\/#?secret=BZOKYfON8M\" data-secret=\"BZOKYfON8M\" width=\"600\" height=\"338\" frameborder=\"0\" marginwidth=\"0\" marginheight=\"0\" scrolling=\"no\"><\/iframe>\n<\/div><\/figure>\n\n\n\n<figure class=\"wp-block-embed is-type-wp-embed is-provider-best-selling-aliexpress-products-at-your-fingertips wp-block-embed-best-selling-aliexpress-products-at-your-fingertips\"><div class=\"wp-block-embed__wrapper\">\n<blockquote class=\"wp-embedded-content\" data-secret=\"LfIZ6tkTD8\"><a href=\"https:\/\/bestaliproducts.com\/top-5-clothing-stores-for-women-on-aliexpress\/\">Las mejores tiendas de ropa para mujer en Aliexpress 2021<\/a><\/blockquote><iframe class=\"wp-embedded-content\" sandbox=\"allow-scripts\" security=\"restricted\" style=\"position: absolute; clip: rect(1px, 1px, 1px, 1px);\" title=\"&quot;Las mejores tiendas de ropa para mujer en Aliexpress 2021&quot; - Los productos m\u00e1s vendidos de Aliexpress al alcance de tu mano\" src=\"https:\/\/bestaliproducts.com\/top-5-clothing-stores-for-women-on-aliexpress\/embed\/#?secret=LfIZ6tkTD8\" data-secret=\"LfIZ6tkTD8\" width=\"600\" height=\"338\" frameborder=\"0\" marginwidth=\"0\" marginheight=\"0\" scrolling=\"no\"><\/iframe>\n<\/div><\/figure>","protected":false},"excerpt":{"rendered":"<p>Hola amantes de Aliexpress, estamos todos aqu\u00ed para compartir y cuidar. Mi nombre es Jessica Peterson. He estado comprando en Aliexpress desde 2015. AliExpress es uno de los principales...<\/p>","protected":false},"author":1,"featured_media":0,"parent":0,"menu_order":0,"comment_status":"closed","ping_status":"closed","template":"","meta":{"ub_ctt_via":""},"featured_image_src":null,"yoast_head":"<!-- This site is optimized with the Yoast SEO plugin v21.5 - https:\/\/yoast.com\/wordpress\/plugins\/seo\/ -->\n<title>About me - Jessica Peterson - Best Selling Aliexpress Products at your Fingertips<\/title>\n<meta name=\"robots\" content=\"index, follow, max-snippet:-1, max-image-preview:large, max-video-preview:-1\" \/>\n<link rel=\"canonical\" href=\"https:\/\/bestaliproducts.com\/es\/acerca-de\/\" \/>\n<meta property=\"og:locale\" content=\"es_ES\" \/>\n<meta property=\"og:type\" content=\"article\" \/>\n<meta property=\"og:title\" content=\"About me - Jessica Peterson - Best Selling Aliexpress Products at your Fingertips\" \/>\n<meta property=\"og:description\" content=\"Hey Aliexpress lovers, we are all here to share and care. My name is Jessica Peterson. I have being shopping on Aliexpress since 2015. AliExpress is one of the major&hellip;\" \/>\n<meta property=\"og:url\" content=\"https:\/\/bestaliproducts.com\/es\/acerca-de\/\" \/>\n<meta property=\"og:site_name\" content=\"Best Selling Aliexpress Products at your Fingertips\" \/>\n<meta property=\"article:publisher\" content=\"https:\/\/www.facebook.com\/bestaliproducts\/\" \/>\n<meta property=\"article:modified_time\" content=\"2023-06-06T02:59:09+00:00\" \/>\n<meta property=\"og:image\" content=\"https:\/\/bestaliproducts.com\/wp-content\/uploads\/2017\/07\/ava-abotu.jpg\" \/>\n<meta name=\"twitter:card\" content=\"summary_large_image\" \/>\n<meta name=\"twitter:label1\" content=\"Tiempo de lectura\" \/>\n\t<meta name=\"twitter:data1\" content=\"2 minutos\" \/>\n<!-- \/ Yoast SEO plugin. -->","yoast_head_json":{"title":"About me - Jessica Peterson - Best Selling Aliexpress Products at your Fingertips","robots":{"index":"index","follow":"follow","max-snippet":"max-snippet:-1","max-image-preview":"max-image-preview:large","max-video-preview":"max-video-preview:-1"},"canonical":"https:\/\/bestaliproducts.com\/es\/acerca-de\/","og_locale":"es_ES","og_type":"article","og_title":"About me - Jessica Peterson - Best Selling Aliexpress Products at your Fingertips","og_description":"Hey Aliexpress lovers, we are all here to share and care. My name is Jessica Peterson. I have being shopping on Aliexpress since 2015. AliExpress is one of the major&hellip;","og_url":"https:\/\/bestaliproducts.com\/es\/acerca-de\/","og_site_name":"Best Selling Aliexpress Products at your Fingertips","article_publisher":"https:\/\/www.facebook.com\/bestaliproducts\/","article_modified_time":"2023-06-06T02:59:09+00:00","og_image":[{"url":"https:\/\/bestaliproducts.com\/wp-content\/uploads\/2017\/07\/ava-abotu.jpg"}],"twitter_card":"summary_large_image","twitter_misc":{"Tiempo de lectura":"2 minutos"},"schema":{"@context":"https:\/\/schema.org","@graph":[{"@type":"WebPage","@id":"https:\/\/bestaliproducts.com\/about\/","url":"https:\/\/bestaliproducts.com\/about\/","name":"About me - Jessica Peterson - Best Selling Aliexpress Products at your Fingertips","isPartOf":{"@id":"https:\/\/bestaliproducts.com\/#website"},"datePublished":"2018-04-09T14:40:57+00:00","dateModified":"2023-06-06T02:59:09+00:00","breadcrumb":{"@id":"https:\/\/bestaliproducts.com\/about\/#breadcrumb"},"inLanguage":"es","potentialAction":[{"@type":"ReadAction","target":["https:\/\/bestaliproducts.com\/about\/"]}]},{"@type":"BreadcrumbList","@id":"https:\/\/bestaliproducts.com\/about\/#breadcrumb","itemListElement":[{"@type":"ListItem","position":1,"name":"Home","item":"https:\/\/bestaliproducts.com\/"},{"@type":"ListItem","position":2,"name":"About me &#8211; Jessica Peterson"}]},{"@type":"WebSite","@id":"https:\/\/bestaliproducts.com\/#website","url":"https:\/\/bestaliproducts.com\/","name":"Best Selling Aliexpress Products at your Fingertips","description":"We Review, You Shop","publisher":{"@id":"https:\/\/bestaliproducts.com\/#organization"},"potentialAction":[{"@type":"SearchAction","target":{"@type":"EntryPoint","urlTemplate":"https:\/\/bestaliproducts.com\/?s={search_term_string}"},"query-input":"required name=search_term_string"}],"inLanguage":"es"},{"@type":"Organization","@id":"https:\/\/bestaliproducts.com\/#organization","name":"Best Ali Products","url":"https:\/\/bestaliproducts.com\/","logo":{"@type":"ImageObject","inLanguage":"es","@id":"https:\/\/bestaliproducts.com\/#\/schema\/logo\/image\/","url":"https:\/\/bestaliproducts.com\/wp-content\/uploads\/2018\/12\/bestaliproduct-logo.png","contentUrl":"https:\/\/bestaliproducts.com\/wp-content\/uploads\/2018\/12\/bestaliproduct-logo.png","width":592,"height":89,"caption":"Best Ali Products"},"image":{"@id":"https:\/\/bestaliproducts.com\/#\/schema\/logo\/image\/"},"sameAs":["https:\/\/www.facebook.com\/bestaliproducts\/","https:\/\/www.youtube.com\/channel\/UCTHy7Lm9DLrrVMoqqXQGWeQ"]}]}},"_links":{"self":[{"href":"https:\/\/bestaliproducts.com\/es\/wp-json\/wp\/v2\/pages\/1288"}],"collection":[{"href":"https:\/\/bestaliproducts.com\/es\/wp-json\/wp\/v2\/pages"}],"about":[{"href":"https:\/\/bestaliproducts.com\/es\/wp-json\/wp\/v2\/types\/page"}],"author":[{"embeddable":true,"href":"https:\/\/bestaliproducts.com\/es\/wp-json\/wp\/v2\/users\/1"}],"replies":[{"embeddable":true,"href":"https:\/\/bestaliproducts.com\/es\/wp-json\/wp\/v2\/comments?post=1288"}],"version-history":[{"count":4,"href":"https:\/\/bestaliproducts.com\/es\/wp-json\/wp\/v2\/pages\/1288\/revisions"}],"predecessor-version":[{"id":8933,"href":"https:\/\/bestaliproducts.com\/es\/wp-json\/wp\/v2\/pages\/1288\/revisions\/8933"}],"wp:attachment":[{"href":"https:\/\/bestaliproducts.com\/es\/wp-json\/wp\/v2\/media?parent=1288"}],"curies":[{"name":"wp","href":"https:\/\/api.w.org\/{rel}","templated":true}]}}