{"id":1288,"date":"2018-04-09T14:40:57","date_gmt":"2018-04-09T14:40:57","guid":{"rendered":"https:\/\/bestaliproducts.com\/?page_id=1288"},"modified":"2023-06-06T02:59:09","modified_gmt":"2023-06-06T02:59:09","slug":"about","status":"publish","type":"page","link":"https:\/\/bestaliproducts.com\/fr\/a-propos-de\/","title":{"rendered":"\u00c0 propos de moi - Jessica Peterson"},"content":{"rendered":"<p>Salut les amoureux d'Aliexpress, nous sommes tous ici pour partager et nous soucier des autres. <\/p>\n\n\n\n<p>Je m'appelle <strong>Jessica Peterson<\/strong>.<\/p>\n\n\n\n<figure class=\"wp-block-image size-full\"><img decoding=\"async\" width=\"400\" height=\"400\" src=\"https:\/\/bestaliproducts.com\/wp-content\/uploads\/2017\/07\/ava-abotu.jpg\" alt=\"bestaliproducts\" class=\"wp-image-912\" srcset=\"https:\/\/bestaliproducts.com\/wp-content\/uploads\/2017\/07\/ava-abotu.jpg 400w, https:\/\/bestaliproducts.com\/wp-content\/uploads\/2017\/07\/ava-abotu-150x150.jpg 150w, https:\/\/bestaliproducts.com\/wp-content\/uploads\/2017\/07\/ava-abotu-300x300.jpg 300w\" sizes=\"(max-width: 400px) 100vw, 400px\" \/><\/figure>\n\n\n\n<p>J'ach\u00e8te sur Aliexpress depuis 2015. <\/p>\n\n\n\n<p>AliExpress est l'un des principaux g\u00e9ants du commerce \u00e9lectronique dans le monde d'aujourd'hui. Il s'agit d'une plateforme massive qui met en contact les acheteurs et les vendeurs. Malgr\u00e9 son immense succ\u00e8s, vous trouverez des personnes qui vous mettront en garde contre l'achat de certains produits sur AliExpress. J'ai entendu des gens raconter leurs exp\u00e9riences concernant des produits qu'ils auraient pr\u00e9f\u00e9r\u00e9 ne jamais commander.&nbsp;<\/p>\n\n\n\n<p>Vous sentez-vous mal \u00e0 l'aise apr\u00e8s avoir appris qu'AliExpress peut contenir des produits que vous devriez \u00e9viter d'acheter \u00e0 tout prix ? Ou \u00eates-vous intrigu\u00e9(e) par la nature de ces produits ?&nbsp;<\/p>\n\n\n\n<p>J'aime cr\u00e9er des vid\u00e9os sur ce qu'il faut acheter.<\/p>\n\n\n\n<p>Jetez un coup d'\u0153il \u00e0 mon <a href=\"https:\/\/www.youtube.com\/channel\/UCTHy7Lm9DLrrVMoqqXQGWeQ\" target=\"_blank\" rel=\"noreferrer noopener\">Cha\u00eene Youtube ici<\/a><\/p>\n\n\n\n<h2 class=\"wp-block-heading\">Conseils pour acheter sur Aliexpress <\/h2>\n\n\n\n<p>Nous savons ce qu'il faut acheter et ce qu'il ne faut pas acheter.<\/p>\n\n\n\n<p>Cet article vous explique COMMENT et POURQUOI.<\/p>\n\n\n\n<figure class=\"wp-block-embed is-type-wp-embed is-provider-best-selling-aliexpress-products-at-your-fingertips wp-block-embed-best-selling-aliexpress-products-at-your-fingertips\"><div class=\"wp-block-embed__wrapper\">\n<blockquote class=\"wp-embedded-content\" data-secret=\"DqfqcoLCC0\"><a href=\"https:\/\/bestaliproducts.com\/10-awesome-things-buy-aliexpress\/\">20 choses g\u00e9niales \u00e0 acheter sur Aliexpress (Nov 2021)<\/a><\/blockquote><iframe class=\"wp-embedded-content\" sandbox=\"allow-scripts\" security=\"restricted\" style=\"position: absolute; clip: rect(1px, 1px, 1px, 1px);\" title=\"&quot;20 choses g\u00e9niales \u00e0 acheter sur Aliexpress (Nov 2021)&quot; - Les meilleures ventes de produits Aliexpress au bout des doigts\" src=\"https:\/\/bestaliproducts.com\/10-awesome-things-buy-aliexpress\/embed\/#?secret=DqfqcoLCC0\" data-secret=\"DqfqcoLCC0\" width=\"600\" height=\"338\" frameborder=\"0\" marginwidth=\"0\" marginheight=\"0\" scrolling=\"no\"><\/iframe>\n<\/div><\/figure>\n\n\n\n<p>Je sais qu'il est difficile (presque impossible) de s'emp\u00eacher d'acheter la plupart des produits mentionn\u00e9s ci-dessus. Cependant, il est de la plus haute importance que vous d\u00e9tourniez votre regard de ces produits et que vous achetiez \u00e0 la place des choses \u00e9tonnantes sur AliExpress. Il y a des tonnes de produits sur AliExpress qui valent chaque centime que vous d\u00e9pensez.<\/p>\n\n\n\n<p>Fort de vos nouvelles connaissances, \u00eates-vous pr\u00eat \u00e0 \u00e9viter ces produits ?&nbsp;&nbsp;<\/p>\n\n\n\n<h3 class=\"wp-block-heading\">D\u00e9couvrez quelques-uns de mes TOP POST sur les produits ALIEXPRESS ICI.<\/h3>\n\n\n\n<figure class=\"wp-block-embed is-type-wp-embed is-provider-best-selling-aliexpress-products-at-your-fingertips wp-block-embed-best-selling-aliexpress-products-at-your-fingertips\"><div class=\"wp-block-embed__wrapper\">\n<blockquote class=\"wp-embedded-content\" data-secret=\"3Vz8BEhbCC\"><a href=\"https:\/\/bestaliproducts.com\/top-5-airpod-replicas-aliexpress\/\">Top Fake AirPods Pro et Airpods 3 Clone sur Aliexpress (Nov 2021)<\/a><\/blockquote><iframe class=\"wp-embedded-content\" sandbox=\"allow-scripts\" security=\"restricted\" style=\"position: absolute; clip: rect(1px, 1px, 1px, 1px);\" title=\"&quot;Top Fake AirPods Pro et Airpods 3 Clone sur Aliexpress (Nov 2021)&quot; - Les meilleures ventes de produits Aliexpress au bout des doigts\" src=\"https:\/\/bestaliproducts.com\/top-5-airpod-replicas-aliexpress\/embed\/#?secret=3Vz8BEhbCC\" data-secret=\"3Vz8BEhbCC\" width=\"600\" height=\"338\" frameborder=\"0\" marginwidth=\"0\" marginheight=\"0\" scrolling=\"no\"><\/iframe>\n<\/div><\/figure>\n\n\n\n<figure class=\"wp-block-embed is-type-wp-embed is-provider-best-selling-aliexpress-products-at-your-fingertips wp-block-embed-best-selling-aliexpress-products-at-your-fingertips\"><div class=\"wp-block-embed__wrapper\">\n<blockquote class=\"wp-embedded-content\" data-secret=\"VG45MeMGIW\"><a href=\"https:\/\/bestaliproducts.com\/top-10-chinese-smartwatches-under-100\/\">Les 12 meilleures montres intelligentes chinoises sur Aliexpress 2021<\/a><\/blockquote><iframe class=\"wp-embedded-content\" sandbox=\"allow-scripts\" security=\"restricted\" style=\"position: absolute; clip: rect(1px, 1px, 1px, 1px);\" title=\"&quot;Best 12 Chinese Smartwatch on Aliexpress 2021&quot; - Les meilleures ventes de produits Aliexpress \u00e0 port\u00e9e de main\" src=\"https:\/\/bestaliproducts.com\/top-10-chinese-smartwatches-under-100\/embed\/#?secret=VG45MeMGIW\" data-secret=\"VG45MeMGIW\" width=\"600\" height=\"338\" frameborder=\"0\" marginwidth=\"0\" marginheight=\"0\" scrolling=\"no\"><\/iframe>\n<\/div><\/figure>\n\n\n\n<figure class=\"wp-block-embed is-type-wp-embed is-provider-best-selling-aliexpress-products-at-your-fingertips wp-block-embed-best-selling-aliexpress-products-at-your-fingertips\"><div class=\"wp-block-embed__wrapper\">\n<blockquote class=\"wp-embedded-content\" data-secret=\"BZOKYfON8M\"><a href=\"https:\/\/bestaliproducts.com\/best-chinese-wireless-earbuds-on-aliexpress\/\">Top Chinese Wireless Earbuds on Aliexpress 2021<\/a><\/blockquote><iframe class=\"wp-embedded-content\" sandbox=\"allow-scripts\" security=\"restricted\" style=\"position: absolute; clip: rect(1px, 1px, 1px, 1px);\" title=\"&quot;Top Chinese Wireless Earbuds on Aliexpress 2021&quot; - Les meilleures ventes de produits Aliexpress \u00e0 port\u00e9e de main\" src=\"https:\/\/bestaliproducts.com\/best-chinese-wireless-earbuds-on-aliexpress\/embed\/#?secret=BZOKYfON8M\" data-secret=\"BZOKYfON8M\" width=\"600\" height=\"338\" frameborder=\"0\" marginwidth=\"0\" marginheight=\"0\" scrolling=\"no\"><\/iframe>\n<\/div><\/figure>\n\n\n\n<figure class=\"wp-block-embed is-type-wp-embed is-provider-best-selling-aliexpress-products-at-your-fingertips wp-block-embed-best-selling-aliexpress-products-at-your-fingertips\"><div class=\"wp-block-embed__wrapper\">\n<blockquote class=\"wp-embedded-content\" data-secret=\"LfIZ6tkTD8\"><a href=\"https:\/\/bestaliproducts.com\/top-5-clothing-stores-for-women-on-aliexpress\/\">Les meilleurs magasins de v\u00eatements pour femmes sur Aliexpress 2021<\/a><\/blockquote><iframe class=\"wp-embedded-content\" sandbox=\"allow-scripts\" security=\"restricted\" style=\"position: absolute; clip: rect(1px, 1px, 1px, 1px);\" title=\"&quot;Les meilleurs magasins de v\u00eatements pour femmes sur Aliexpress 2021&quot; - Les meilleures ventes de produits Aliexpress \u00e0 port\u00e9e de main\" src=\"https:\/\/bestaliproducts.com\/top-5-clothing-stores-for-women-on-aliexpress\/embed\/#?secret=LfIZ6tkTD8\" data-secret=\"LfIZ6tkTD8\" width=\"600\" height=\"338\" frameborder=\"0\" marginwidth=\"0\" marginheight=\"0\" scrolling=\"no\"><\/iframe>\n<\/div><\/figure>","protected":false},"excerpt":{"rendered":"<p>Salut les amoureux d'Aliexpress, nous sommes tous ici pour partager et nous soucier des autres. Je m'appelle Jessica Peterson. Je fais des achats sur Aliexpress depuis 2015. AliExpress est l'un des principaux...<\/p>","protected":false},"author":1,"featured_media":0,"parent":0,"menu_order":0,"comment_status":"closed","ping_status":"closed","template":"","meta":{"ub_ctt_via":""},"featured_image_src":null,"yoast_head":"<!-- This site is optimized with the Yoast SEO plugin v21.5 - https:\/\/yoast.com\/wordpress\/plugins\/seo\/ -->\n<title>About me - Jessica Peterson - Best Selling Aliexpress Products at your Fingertips<\/title>\n<meta name=\"robots\" content=\"index, follow, max-snippet:-1, max-image-preview:large, max-video-preview:-1\" \/>\n<link rel=\"canonical\" href=\"https:\/\/bestaliproducts.com\/fr\/a-propos-de\/\" \/>\n<meta property=\"og:locale\" content=\"fr_FR\" \/>\n<meta property=\"og:type\" content=\"article\" \/>\n<meta property=\"og:title\" content=\"About me - Jessica Peterson - Best Selling Aliexpress Products at your Fingertips\" \/>\n<meta property=\"og:description\" content=\"Hey Aliexpress lovers, we are all here to share and care. My name is Jessica Peterson. I have being shopping on Aliexpress since 2015. AliExpress is one of the major&hellip;\" \/>\n<meta property=\"og:url\" content=\"https:\/\/bestaliproducts.com\/fr\/a-propos-de\/\" \/>\n<meta property=\"og:site_name\" content=\"Best Selling Aliexpress Products at your Fingertips\" \/>\n<meta property=\"article:publisher\" content=\"https:\/\/www.facebook.com\/bestaliproducts\/\" \/>\n<meta property=\"article:modified_time\" content=\"2023-06-06T02:59:09+00:00\" \/>\n<meta property=\"og:image\" content=\"https:\/\/bestaliproducts.com\/wp-content\/uploads\/2017\/07\/ava-abotu.jpg\" \/>\n<meta name=\"twitter:card\" content=\"summary_large_image\" \/>\n<meta name=\"twitter:label1\" content=\"Dur\u00e9e de lecture estim\u00e9e\" \/>\n\t<meta name=\"twitter:data1\" content=\"2 minutes\" \/>\n<!-- \/ Yoast SEO plugin. -->","yoast_head_json":{"title":"About me - Jessica Peterson - Best Selling Aliexpress Products at your Fingertips","robots":{"index":"index","follow":"follow","max-snippet":"max-snippet:-1","max-image-preview":"max-image-preview:large","max-video-preview":"max-video-preview:-1"},"canonical":"https:\/\/bestaliproducts.com\/fr\/a-propos-de\/","og_locale":"fr_FR","og_type":"article","og_title":"About me - Jessica Peterson - Best Selling Aliexpress Products at your Fingertips","og_description":"Hey Aliexpress lovers, we are all here to share and care. My name is Jessica Peterson. I have being shopping on Aliexpress since 2015. AliExpress is one of the major&hellip;","og_url":"https:\/\/bestaliproducts.com\/fr\/a-propos-de\/","og_site_name":"Best Selling Aliexpress Products at your Fingertips","article_publisher":"https:\/\/www.facebook.com\/bestaliproducts\/","article_modified_time":"2023-06-06T02:59:09+00:00","og_image":[{"url":"https:\/\/bestaliproducts.com\/wp-content\/uploads\/2017\/07\/ava-abotu.jpg"}],"twitter_card":"summary_large_image","twitter_misc":{"Dur\u00e9e de lecture estim\u00e9e":"2 minutes"},"schema":{"@context":"https:\/\/schema.org","@graph":[{"@type":"WebPage","@id":"https:\/\/bestaliproducts.com\/about\/","url":"https:\/\/bestaliproducts.com\/about\/","name":"About me - Jessica Peterson - Best Selling Aliexpress Products at your Fingertips","isPartOf":{"@id":"https:\/\/bestaliproducts.com\/#website"},"datePublished":"2018-04-09T14:40:57+00:00","dateModified":"2023-06-06T02:59:09+00:00","breadcrumb":{"@id":"https:\/\/bestaliproducts.com\/about\/#breadcrumb"},"inLanguage":"fr-FR","potentialAction":[{"@type":"ReadAction","target":["https:\/\/bestaliproducts.com\/about\/"]}]},{"@type":"BreadcrumbList","@id":"https:\/\/bestaliproducts.com\/about\/#breadcrumb","itemListElement":[{"@type":"ListItem","position":1,"name":"Home","item":"https:\/\/bestaliproducts.com\/"},{"@type":"ListItem","position":2,"name":"About me &#8211; Jessica Peterson"}]},{"@type":"WebSite","@id":"https:\/\/bestaliproducts.com\/#website","url":"https:\/\/bestaliproducts.com\/","name":"Best Selling Aliexpress Products at your Fingertips","description":"We Review, You Shop","publisher":{"@id":"https:\/\/bestaliproducts.com\/#organization"},"potentialAction":[{"@type":"SearchAction","target":{"@type":"EntryPoint","urlTemplate":"https:\/\/bestaliproducts.com\/?s={search_term_string}"},"query-input":"required name=search_term_string"}],"inLanguage":"fr-FR"},{"@type":"Organization","@id":"https:\/\/bestaliproducts.com\/#organization","name":"Best Ali Products","url":"https:\/\/bestaliproducts.com\/","logo":{"@type":"ImageObject","inLanguage":"fr-FR","@id":"https:\/\/bestaliproducts.com\/#\/schema\/logo\/image\/","url":"https:\/\/bestaliproducts.com\/wp-content\/uploads\/2018\/12\/bestaliproduct-logo.png","contentUrl":"https:\/\/bestaliproducts.com\/wp-content\/uploads\/2018\/12\/bestaliproduct-logo.png","width":592,"height":89,"caption":"Best Ali Products"},"image":{"@id":"https:\/\/bestaliproducts.com\/#\/schema\/logo\/image\/"},"sameAs":["https:\/\/www.facebook.com\/bestaliproducts\/","https:\/\/www.youtube.com\/channel\/UCTHy7Lm9DLrrVMoqqXQGWeQ"]}]}},"_links":{"self":[{"href":"https:\/\/bestaliproducts.com\/fr\/wp-json\/wp\/v2\/pages\/1288"}],"collection":[{"href":"https:\/\/bestaliproducts.com\/fr\/wp-json\/wp\/v2\/pages"}],"about":[{"href":"https:\/\/bestaliproducts.com\/fr\/wp-json\/wp\/v2\/types\/page"}],"author":[{"embeddable":true,"href":"https:\/\/bestaliproducts.com\/fr\/wp-json\/wp\/v2\/users\/1"}],"replies":[{"embeddable":true,"href":"https:\/\/bestaliproducts.com\/fr\/wp-json\/wp\/v2\/comments?post=1288"}],"version-history":[{"count":4,"href":"https:\/\/bestaliproducts.com\/fr\/wp-json\/wp\/v2\/pages\/1288\/revisions"}],"predecessor-version":[{"id":8933,"href":"https:\/\/bestaliproducts.com\/fr\/wp-json\/wp\/v2\/pages\/1288\/revisions\/8933"}],"wp:attachment":[{"href":"https:\/\/bestaliproducts.com\/fr\/wp-json\/wp\/v2\/media?parent=1288"}],"curies":[{"name":"wp","href":"https:\/\/api.w.org\/{rel}","templated":true}]}}