{"id":1288,"date":"2018-04-09T14:40:57","date_gmt":"2018-04-09T14:40:57","guid":{"rendered":"https:\/\/bestaliproducts.com\/?page_id=1288"},"modified":"2023-06-06T02:59:09","modified_gmt":"2023-06-06T02:59:09","slug":"about","status":"publish","type":"page","link":"https:\/\/bestaliproducts.com\/pl\/o\/","title":{"rendered":"O mnie - Jessica Peterson"},"content":{"rendered":"<p>Hej mi\u0142o\u015bnicy Aliexpress, wszyscy jeste\u015bmy tutaj, aby dzieli\u0107 si\u0119 i dba\u0107. <\/p>\n\n\n\n<p>Nazywam si\u0119 <strong>Jessica Peterson<\/strong>.<\/p>\n\n\n\n<figure class=\"wp-block-image size-full\"><img decoding=\"async\" width=\"400\" height=\"400\" src=\"https:\/\/bestaliproducts.com\/wp-content\/uploads\/2017\/07\/ava-abotu.jpg\" alt=\"bestaliproducts\" class=\"wp-image-912\" srcset=\"https:\/\/bestaliproducts.com\/wp-content\/uploads\/2017\/07\/ava-abotu.jpg 400w, https:\/\/bestaliproducts.com\/wp-content\/uploads\/2017\/07\/ava-abotu-150x150.jpg 150w, https:\/\/bestaliproducts.com\/wp-content\/uploads\/2017\/07\/ava-abotu-300x300.jpg 300w\" sizes=\"(max-width: 400px) 100vw, 400px\" \/><\/figure>\n\n\n\n<p>Zakupy na Aliexpress robi\u0119 od 2015 roku. <\/p>\n\n\n\n<p>AliExpress jest jednym z g\u0142\u00f3wnych gigant\u00f3w e-commerce w dzisiejszym \u015bwiecie. Jest to ogromna platforma, kt\u00f3ra \u0142\u0105czy kupuj\u0105cych i sprzedaj\u0105cych. Pomimo jego ogromnego sukcesu, znajdziesz ludzi ostrzegaj\u0105cych przed kupowaniem niekt\u00f3rych produkt\u00f3w z AliExpress. S\u0142ysza\u0142em ludzi opowiadaj\u0105cych o swoich do\u015bwiadczeniach zwi\u0105zanych z produktami, kt\u00f3re chcieliby, aby nigdy nie zosta\u0142y zam\u00f3wione.&nbsp;<\/p>\n\n\n\n<p>Czy czujesz md\u0142o\u015bci po tym, \u017ce AliExpress mo\u017ce mie\u0107 produkty, kt\u00f3rych zakupu powiniene\u015b unika\u0107 za wszelk\u0105 cen\u0119? A mo\u017ce, jeste\u015b zaintrygowany, aby dowiedzie\u0107 si\u0119, co to za produkty?&nbsp;<\/p>\n\n\n\n<p>Uwielbiam uk\u0142ada\u0107 filmiki na temat tego, co warto kupi\u0107.<\/p>\n\n\n\n<p>Sprawd\u017a moje <a href=\"https:\/\/www.youtube.com\/channel\/UCTHy7Lm9DLrrVMoqqXQGWeQ\" target=\"_blank\" rel=\"noreferrer noopener\">Kana\u0142 na Youtube tutaj<\/a><\/p>\n\n\n\n<h2 class=\"wp-block-heading\">Porady dotycz\u0105ce zakup\u00f3w na Aliexpress <\/h2>\n\n\n\n<p>Wiemy, co warto kupi\u0107, a czego nie.<\/p>\n\n\n\n<p>Z tego artyku\u0142u tutaj dowiesz si\u0119 JAK i DLACZEGO.<\/p>\n\n\n\n<figure class=\"wp-block-embed is-type-wp-embed is-provider-best-selling-aliexpress-products-at-your-fingertips wp-block-embed-best-selling-aliexpress-products-at-your-fingertips\"><div class=\"wp-block-embed__wrapper\">\n<blockquote class=\"wp-embedded-content\" data-secret=\"DqfqcoLCC0\"><a href=\"https:\/\/bestaliproducts.com\/10-awesome-things-buy-aliexpress\/\">20 Awesome Things to BUY in Aliexpress (Nov 2021)<\/a><\/blockquote><iframe class=\"wp-embedded-content\" sandbox=\"allow-scripts\" security=\"restricted\" style=\"position: absolute; clip: rect(1px, 1px, 1px, 1px);\" title=\"&quot;20 Awesome Things to BUY in Aliexpress (Nov 2021)&quot; - Najlepiej sprzedaj\u0105ce si\u0119 produkty z Aliexpress na wyci\u0105gni\u0119cie r\u0119ki\" src=\"https:\/\/bestaliproducts.com\/10-awesome-things-buy-aliexpress\/embed\/#?secret=DqfqcoLCC0\" data-secret=\"DqfqcoLCC0\" width=\"600\" height=\"338\" frameborder=\"0\" marginwidth=\"0\" marginheight=\"0\" scrolling=\"no\"><\/iframe>\n<\/div><\/figure>\n\n\n\n<p>Wiem, \u017ce trudno (prawie niemo\u017cliwe) jest powstrzyma\u0107 si\u0119 przed zakupem wi\u0119kszo\u015bci wymienionych wy\u017cej produkt\u00f3w. Jednak najwa\u017cniejsze jest, aby\u015b oderwa\u0142 swoje oczy od tych produkt\u00f3w i zamiast tego kupi\u0142 rzeczy na AliExpress, kt\u00f3re s\u0105 niesamowite. Na AliExpress s\u0105 tony produkt\u00f3w, kt\u00f3re s\u0105 warte ka\u017cdego grosza, kt\u00f3ry na nie wydasz.<\/p>\n\n\n\n<p>Tak wi\u0119c, z nowo zdobyt\u0105 wiedz\u0105, czy jeste\u015b gotowy, aby trzyma\u0107 si\u0119 z dala od tych produkt\u00f3w?&nbsp;&nbsp;<\/p>\n\n\n\n<h3 class=\"wp-block-heading\">Sprawd\u017a niekt\u00f3re z moich TOP POST\u00d3W O PRODUKTACH ALIEXPRESS TUTAJ.<\/h3>\n\n\n\n<figure class=\"wp-block-embed is-type-wp-embed is-provider-best-selling-aliexpress-products-at-your-fingertips wp-block-embed-best-selling-aliexpress-products-at-your-fingertips\"><div class=\"wp-block-embed__wrapper\">\n<blockquote class=\"wp-embedded-content\" data-secret=\"3Vz8BEhbCC\"><a href=\"https:\/\/bestaliproducts.com\/top-5-airpod-replicas-aliexpress\/\">Top Fake AirPods Pro i Airpods 3 Clone na Aliexpress (Nov 2021)<\/a><\/blockquote><iframe class=\"wp-embedded-content\" sandbox=\"allow-scripts\" security=\"restricted\" style=\"position: absolute; clip: rect(1px, 1px, 1px, 1px);\" title=\"&quot;Top Fake AirPods Pro i Airpods 3 Clone na Aliexpress (Nov 2021)&quot; - Najlepiej sprzedaj\u0105ce si\u0119 produkty z Aliexpress na wyci\u0105gni\u0119cie r\u0119ki\" src=\"https:\/\/bestaliproducts.com\/top-5-airpod-replicas-aliexpress\/embed\/#?secret=3Vz8BEhbCC\" data-secret=\"3Vz8BEhbCC\" width=\"600\" height=\"338\" frameborder=\"0\" marginwidth=\"0\" marginheight=\"0\" scrolling=\"no\"><\/iframe>\n<\/div><\/figure>\n\n\n\n<figure class=\"wp-block-embed is-type-wp-embed is-provider-best-selling-aliexpress-products-at-your-fingertips wp-block-embed-best-selling-aliexpress-products-at-your-fingertips\"><div class=\"wp-block-embed__wrapper\">\n<blockquote class=\"wp-embedded-content\" data-secret=\"VG45MeMGIW\"><a href=\"https:\/\/bestaliproducts.com\/top-10-chinese-smartwatches-under-100\/\">Najlepsze 12 chi\u0144skich Smartwatch\u00f3w na Aliexpress 2021 r.<\/a><\/blockquote><iframe class=\"wp-embedded-content\" sandbox=\"allow-scripts\" security=\"restricted\" style=\"position: absolute; clip: rect(1px, 1px, 1px, 1px);\" title=\"&quot;Best 12 Chinese Smartwatch on Aliexpress 2021&quot; - Najlepiej sprzedaj\u0105ce si\u0119 produkty z Aliexpress na wyci\u0105gni\u0119cie r\u0119ki\" src=\"https:\/\/bestaliproducts.com\/top-10-chinese-smartwatches-under-100\/embed\/#?secret=VG45MeMGIW\" data-secret=\"VG45MeMGIW\" width=\"600\" height=\"338\" frameborder=\"0\" marginwidth=\"0\" marginheight=\"0\" scrolling=\"no\"><\/iframe>\n<\/div><\/figure>\n\n\n\n<figure class=\"wp-block-embed is-type-wp-embed is-provider-best-selling-aliexpress-products-at-your-fingertips wp-block-embed-best-selling-aliexpress-products-at-your-fingertips\"><div class=\"wp-block-embed__wrapper\">\n<blockquote class=\"wp-embedded-content\" data-secret=\"BZOKYfON8M\"><a href=\"https:\/\/bestaliproducts.com\/best-chinese-wireless-earbuds-on-aliexpress\/\">Top chi\u0144skie bezprzewodowe wk\u0142adki douszne na Aliexpress 2021<\/a><\/blockquote><iframe class=\"wp-embedded-content\" sandbox=\"allow-scripts\" security=\"restricted\" style=\"position: absolute; clip: rect(1px, 1px, 1px, 1px);\" title=\"&quot;Top Chinese Wireless Earbuds on Aliexpress 2021&quot; - Najlepiej sprzedaj\u0105ce si\u0119 produkty z Aliexpress na wyci\u0105gni\u0119cie r\u0119ki\" src=\"https:\/\/bestaliproducts.com\/best-chinese-wireless-earbuds-on-aliexpress\/embed\/#?secret=BZOKYfON8M\" data-secret=\"BZOKYfON8M\" width=\"600\" height=\"338\" frameborder=\"0\" marginwidth=\"0\" marginheight=\"0\" scrolling=\"no\"><\/iframe>\n<\/div><\/figure>\n\n\n\n<figure class=\"wp-block-embed is-type-wp-embed is-provider-best-selling-aliexpress-products-at-your-fingertips wp-block-embed-best-selling-aliexpress-products-at-your-fingertips\"><div class=\"wp-block-embed__wrapper\">\n<blockquote class=\"wp-embedded-content\" data-secret=\"LfIZ6tkTD8\"><a href=\"https:\/\/bestaliproducts.com\/top-5-clothing-stores-for-women-on-aliexpress\/\">Najlepsze sklepy z odzie\u017c\u0105 dla kobiet na Aliexpress 2021<\/a><\/blockquote><iframe class=\"wp-embedded-content\" sandbox=\"allow-scripts\" security=\"restricted\" style=\"position: absolute; clip: rect(1px, 1px, 1px, 1px);\" title=\"&quot;Najlepsze sklepy odzie\u017cowe dla kobiet na Aliexpress 2021&quot; - Najlepiej sprzedaj\u0105ce si\u0119 produkty Aliexpress na wyci\u0105gni\u0119cie r\u0119ki\" src=\"https:\/\/bestaliproducts.com\/top-5-clothing-stores-for-women-on-aliexpress\/embed\/#?secret=LfIZ6tkTD8\" data-secret=\"LfIZ6tkTD8\" width=\"600\" height=\"338\" frameborder=\"0\" marginwidth=\"0\" marginheight=\"0\" scrolling=\"no\"><\/iframe>\n<\/div><\/figure>","protected":false},"excerpt":{"rendered":"<p>Hej mi\u0142o\u015bnicy Aliexpress, wszyscy jeste\u015bmy tutaj, aby dzieli\u0107 si\u0119 i dba\u0107. Nazywam si\u0119 Jessica Peterson. Robi\u0119 zakupy na Aliexpress od 2015 roku. AliExpress jest jednym z g\u0142\u00f3wnych...<\/p>","protected":false},"author":1,"featured_media":0,"parent":0,"menu_order":0,"comment_status":"closed","ping_status":"closed","template":"","meta":{"ub_ctt_via":""},"featured_image_src":null,"yoast_head":"<!-- This site is optimized with the Yoast SEO plugin v21.5 - https:\/\/yoast.com\/wordpress\/plugins\/seo\/ -->\n<title>About me - Jessica Peterson - Best Selling Aliexpress Products at your Fingertips<\/title>\n<meta name=\"robots\" content=\"index, follow, max-snippet:-1, max-image-preview:large, max-video-preview:-1\" \/>\n<link rel=\"canonical\" href=\"https:\/\/bestaliproducts.com\/pl\/o\/\" \/>\n<meta property=\"og:locale\" content=\"pl_PL\" \/>\n<meta property=\"og:type\" content=\"article\" \/>\n<meta property=\"og:title\" content=\"About me - Jessica Peterson - Best Selling Aliexpress Products at your Fingertips\" \/>\n<meta property=\"og:description\" content=\"Hey Aliexpress lovers, we are all here to share and care. My name is Jessica Peterson. I have being shopping on Aliexpress since 2015. AliExpress is one of the major&hellip;\" \/>\n<meta property=\"og:url\" content=\"https:\/\/bestaliproducts.com\/pl\/o\/\" \/>\n<meta property=\"og:site_name\" content=\"Best Selling Aliexpress Products at your Fingertips\" \/>\n<meta property=\"article:publisher\" content=\"https:\/\/www.facebook.com\/bestaliproducts\/\" \/>\n<meta property=\"article:modified_time\" content=\"2023-06-06T02:59:09+00:00\" \/>\n<meta property=\"og:image\" content=\"https:\/\/bestaliproducts.com\/wp-content\/uploads\/2017\/07\/ava-abotu.jpg\" \/>\n<meta name=\"twitter:card\" content=\"summary_large_image\" \/>\n<meta name=\"twitter:label1\" content=\"Szacowany czas czytania\" \/>\n\t<meta name=\"twitter:data1\" content=\"2 minuty\" \/>\n<!-- \/ Yoast SEO plugin. -->","yoast_head_json":{"title":"About me - Jessica Peterson - Best Selling Aliexpress Products at your Fingertips","robots":{"index":"index","follow":"follow","max-snippet":"max-snippet:-1","max-image-preview":"max-image-preview:large","max-video-preview":"max-video-preview:-1"},"canonical":"https:\/\/bestaliproducts.com\/pl\/o\/","og_locale":"pl_PL","og_type":"article","og_title":"About me - Jessica Peterson - Best Selling Aliexpress Products at your Fingertips","og_description":"Hey Aliexpress lovers, we are all here to share and care. My name is Jessica Peterson. I have being shopping on Aliexpress since 2015. AliExpress is one of the major&hellip;","og_url":"https:\/\/bestaliproducts.com\/pl\/o\/","og_site_name":"Best Selling Aliexpress Products at your Fingertips","article_publisher":"https:\/\/www.facebook.com\/bestaliproducts\/","article_modified_time":"2023-06-06T02:59:09+00:00","og_image":[{"url":"https:\/\/bestaliproducts.com\/wp-content\/uploads\/2017\/07\/ava-abotu.jpg"}],"twitter_card":"summary_large_image","twitter_misc":{"Szacowany czas czytania":"2 minuty"},"schema":{"@context":"https:\/\/schema.org","@graph":[{"@type":"WebPage","@id":"https:\/\/bestaliproducts.com\/about\/","url":"https:\/\/bestaliproducts.com\/about\/","name":"About me - Jessica Peterson - Best Selling Aliexpress Products at your Fingertips","isPartOf":{"@id":"https:\/\/bestaliproducts.com\/#website"},"datePublished":"2018-04-09T14:40:57+00:00","dateModified":"2023-06-06T02:59:09+00:00","breadcrumb":{"@id":"https:\/\/bestaliproducts.com\/about\/#breadcrumb"},"inLanguage":"pl-PL","potentialAction":[{"@type":"ReadAction","target":["https:\/\/bestaliproducts.com\/about\/"]}]},{"@type":"BreadcrumbList","@id":"https:\/\/bestaliproducts.com\/about\/#breadcrumb","itemListElement":[{"@type":"ListItem","position":1,"name":"Home","item":"https:\/\/bestaliproducts.com\/"},{"@type":"ListItem","position":2,"name":"About me &#8211; Jessica Peterson"}]},{"@type":"WebSite","@id":"https:\/\/bestaliproducts.com\/#website","url":"https:\/\/bestaliproducts.com\/","name":"Best Selling Aliexpress Products at your Fingertips","description":"We Review, You Shop","publisher":{"@id":"https:\/\/bestaliproducts.com\/#organization"},"potentialAction":[{"@type":"SearchAction","target":{"@type":"EntryPoint","urlTemplate":"https:\/\/bestaliproducts.com\/?s={search_term_string}"},"query-input":"required name=search_term_string"}],"inLanguage":"pl-PL"},{"@type":"Organization","@id":"https:\/\/bestaliproducts.com\/#organization","name":"Best Ali Products","url":"https:\/\/bestaliproducts.com\/","logo":{"@type":"ImageObject","inLanguage":"pl-PL","@id":"https:\/\/bestaliproducts.com\/#\/schema\/logo\/image\/","url":"https:\/\/bestaliproducts.com\/wp-content\/uploads\/2018\/12\/bestaliproduct-logo.png","contentUrl":"https:\/\/bestaliproducts.com\/wp-content\/uploads\/2018\/12\/bestaliproduct-logo.png","width":592,"height":89,"caption":"Best Ali Products"},"image":{"@id":"https:\/\/bestaliproducts.com\/#\/schema\/logo\/image\/"},"sameAs":["https:\/\/www.facebook.com\/bestaliproducts\/","https:\/\/www.youtube.com\/channel\/UCTHy7Lm9DLrrVMoqqXQGWeQ"]}]}},"_links":{"self":[{"href":"https:\/\/bestaliproducts.com\/pl\/wp-json\/wp\/v2\/pages\/1288"}],"collection":[{"href":"https:\/\/bestaliproducts.com\/pl\/wp-json\/wp\/v2\/pages"}],"about":[{"href":"https:\/\/bestaliproducts.com\/pl\/wp-json\/wp\/v2\/types\/page"}],"author":[{"embeddable":true,"href":"https:\/\/bestaliproducts.com\/pl\/wp-json\/wp\/v2\/users\/1"}],"replies":[{"embeddable":true,"href":"https:\/\/bestaliproducts.com\/pl\/wp-json\/wp\/v2\/comments?post=1288"}],"version-history":[{"count":4,"href":"https:\/\/bestaliproducts.com\/pl\/wp-json\/wp\/v2\/pages\/1288\/revisions"}],"predecessor-version":[{"id":8933,"href":"https:\/\/bestaliproducts.com\/pl\/wp-json\/wp\/v2\/pages\/1288\/revisions\/8933"}],"wp:attachment":[{"href":"https:\/\/bestaliproducts.com\/pl\/wp-json\/wp\/v2\/media?parent=1288"}],"curies":[{"name":"wp","href":"https:\/\/api.w.org\/{rel}","templated":true}]}}