{"id":1288,"date":"2018-04-09T14:40:57","date_gmt":"2018-04-09T14:40:57","guid":{"rendered":"https:\/\/bestaliproducts.com\/?page_id=1288"},"modified":"2023-06-06T02:59:09","modified_gmt":"2023-06-06T02:59:09","slug":"about","status":"publish","type":"page","link":"https:\/\/bestaliproducts.com\/pt\/sobre\/","title":{"rendered":"Sobre mim - Jessica Peterson"},"content":{"rendered":"<p>Ol\u00e1 amantes da Aliexpress, estamos todos aqui para partilhar e cuidar. <\/p>\n\n\n\n<p>O meu nome \u00e9 <strong>Jessica Peterson<\/strong>.<\/p>\n\n\n\n<figure class=\"wp-block-image size-full\"><img decoding=\"async\" width=\"400\" height=\"400\" src=\"https:\/\/bestaliproducts.com\/wp-content\/uploads\/2017\/07\/ava-abotu.jpg\" alt=\"bestaliproducts\" class=\"wp-image-912\" srcset=\"https:\/\/bestaliproducts.com\/wp-content\/uploads\/2017\/07\/ava-abotu.jpg 400w, https:\/\/bestaliproducts.com\/wp-content\/uploads\/2017\/07\/ava-abotu-150x150.jpg 150w, https:\/\/bestaliproducts.com\/wp-content\/uploads\/2017\/07\/ava-abotu-300x300.jpg 300w\" sizes=\"(max-width: 400px) 100vw, 400px\" \/><\/figure>\n\n\n\n<p>Tenho vindo a fazer compras na Aliexpress desde 2015. <\/p>\n\n\n\n<p>AliExpress \u00e9 um dos maiores gigantes do com\u00e9rcio electr\u00f3nico no mundo de hoje. \u00c9 uma plataforma maci\u00e7a que re\u00fane compradores e vendedores. Apesar do seu tremendo sucesso, encontrar\u00e1 pessoas a avis\u00e1-lo contra a compra de certos produtos da AliExpress. Ouvi pessoas recontando as suas experi\u00eancias sobre produtos que nunca foram encomendados.&nbsp;<\/p>\n\n\n\n<p>Sente-se enjoado depois de saber que este AliExpress pode ter produtos que deve evitar comprar a todo o custo? Ou est\u00e1 intrigado por saber quais s\u00e3o esses produtos?&nbsp;<\/p>\n\n\n\n<p>Adoro criar v\u00eddeos sobre o que se deve comprar.<\/p>\n\n\n\n<p>Confira o meu <a href=\"https:\/\/www.youtube.com\/channel\/UCTHy7Lm9DLrrVMoqqXQGWeQ\" target=\"_blank\" rel=\"noreferrer noopener\">Canal Youtube aqui<\/a><\/p>\n\n\n\n<h2 class=\"wp-block-heading\">Conselhos para comprar no Aliexpress <\/h2>\n\n\n\n<p>Sabemos o que comprar e o que n\u00e3o comprar.<\/p>\n\n\n\n<p>Este artigo aqui diz-lhe COMO e PORQU\u00ca.<\/p>\n\n\n\n<figure class=\"wp-block-embed is-type-wp-embed is-provider-best-selling-aliexpress-products-at-your-fingertips wp-block-embed-best-selling-aliexpress-products-at-your-fingertips\"><div class=\"wp-block-embed__wrapper\">\n<blockquote class=\"wp-embedded-content\" data-secret=\"DqfqcoLCC0\"><a href=\"https:\/\/bestaliproducts.com\/10-awesome-things-buy-aliexpress\/\">20 Coisas Incr\u00edveis para Comprar no Aliexpress (Nov 2021)<\/a><\/blockquote><iframe class=\"wp-embedded-content\" sandbox=\"allow-scripts\" security=\"restricted\" style=\"position: absolute; clip: rect(1px, 1px, 1px, 1px);\" title=\"&quot;20 Coisas Incr\u00edveis para Comprar no Aliexpress (Nov 2021)&quot; - Os produtos Aliexpress mais vendidos na ponta dos seus dedos\" src=\"https:\/\/bestaliproducts.com\/10-awesome-things-buy-aliexpress\/embed\/#?secret=DqfqcoLCC0\" data-secret=\"DqfqcoLCC0\" width=\"600\" height=\"338\" frameborder=\"0\" marginwidth=\"0\" marginheight=\"0\" scrolling=\"no\"><\/iframe>\n<\/div><\/figure>\n\n\n\n<p>Eu sei que \u00e9 dif\u00edcil (quase imposs\u00edvel) impedir-se de comprar a maioria dos produtos acima mencionados. No entanto, \u00e9 da maior import\u00e2ncia que se arranquem os olhos a estes produtos e que, em vez disso, se comprem coisas no AliExpress que sejam espantosas. H\u00e1 toneladas de produtos no AliExpress que valem cada c\u00eantimo que se gasta neles.<\/p>\n\n\n\n<p>Ent\u00e3o, com os seus novos conhecimentos, est\u00e1 pronto para se manter afastado destes produtos?&nbsp;&nbsp;<\/p>\n\n\n\n<h3 class=\"wp-block-heading\">Veja alguns dos meus PONTOS DE MELHORIA SOBRE PRODUTOS ALIEXPRESS AQUI.<\/h3>\n\n\n\n<figure class=\"wp-block-embed is-type-wp-embed is-provider-best-selling-aliexpress-products-at-your-fingertips wp-block-embed-best-selling-aliexpress-products-at-your-fingertips\"><div class=\"wp-block-embed__wrapper\">\n<blockquote class=\"wp-embedded-content\" data-secret=\"3Vz8BEhbCC\"><a href=\"https:\/\/bestaliproducts.com\/top-5-airpod-replicas-aliexpress\/\">Top Fake AirPods Pro e Airpods 3 Clone no Aliexpress (Nov 2021)<\/a><\/blockquote><iframe class=\"wp-embedded-content\" sandbox=\"allow-scripts\" security=\"restricted\" style=\"position: absolute; clip: rect(1px, 1px, 1px, 1px);\" title=\"&quot;Top Fake AirPods Pro e Airpods 3 Clone no Aliexpress (Nov 2021)&quot; - Os produtos Aliexpress mais vendidos na ponta dos seus dedos\" src=\"https:\/\/bestaliproducts.com\/top-5-airpod-replicas-aliexpress\/embed\/#?secret=3Vz8BEhbCC\" data-secret=\"3Vz8BEhbCC\" width=\"600\" height=\"338\" frameborder=\"0\" marginwidth=\"0\" marginheight=\"0\" scrolling=\"no\"><\/iframe>\n<\/div><\/figure>\n\n\n\n<figure class=\"wp-block-embed is-type-wp-embed is-provider-best-selling-aliexpress-products-at-your-fingertips wp-block-embed-best-selling-aliexpress-products-at-your-fingertips\"><div class=\"wp-block-embed__wrapper\">\n<blockquote class=\"wp-embedded-content\" data-secret=\"VG45MeMGIW\"><a href=\"https:\/\/bestaliproducts.com\/top-10-chinese-smartwatches-under-100\/\">Melhor 12 Smartwatch chin\u00eas no Aliexpress 2021<\/a><\/blockquote><iframe class=\"wp-embedded-content\" sandbox=\"allow-scripts\" security=\"restricted\" style=\"position: absolute; clip: rect(1px, 1px, 1px, 1px);\" title=\"&quot;Best 12 Chinese Smartwatch on Aliexpress 2021&quot; - Produtos Aliexpress mais vendidos na ponta dos seus dedos\" src=\"https:\/\/bestaliproducts.com\/top-10-chinese-smartwatches-under-100\/embed\/#?secret=VG45MeMGIW\" data-secret=\"VG45MeMGIW\" width=\"600\" height=\"338\" frameborder=\"0\" marginwidth=\"0\" marginheight=\"0\" scrolling=\"no\"><\/iframe>\n<\/div><\/figure>\n\n\n\n<figure class=\"wp-block-embed is-type-wp-embed is-provider-best-selling-aliexpress-products-at-your-fingertips wp-block-embed-best-selling-aliexpress-products-at-your-fingertips\"><div class=\"wp-block-embed__wrapper\">\n<blockquote class=\"wp-embedded-content\" data-secret=\"BZOKYfON8M\"><a href=\"https:\/\/bestaliproducts.com\/best-chinese-wireless-earbuds-on-aliexpress\/\">Earbuds chineses sem fios de topo no Aliexpress 2021<\/a><\/blockquote><iframe class=\"wp-embedded-content\" sandbox=\"allow-scripts\" security=\"restricted\" style=\"position: absolute; clip: rect(1px, 1px, 1px, 1px);\" title=\"&quot;Earbuds chineses sem fios de topo no Aliexpress 2021&quot; - Produtos Aliexpress mais vendidos na ponta dos seus dedos\" src=\"https:\/\/bestaliproducts.com\/best-chinese-wireless-earbuds-on-aliexpress\/embed\/#?secret=BZOKYfON8M\" data-secret=\"BZOKYfON8M\" width=\"600\" height=\"338\" frameborder=\"0\" marginwidth=\"0\" marginheight=\"0\" scrolling=\"no\"><\/iframe>\n<\/div><\/figure>\n\n\n\n<figure class=\"wp-block-embed is-type-wp-embed is-provider-best-selling-aliexpress-products-at-your-fingertips wp-block-embed-best-selling-aliexpress-products-at-your-fingertips\"><div class=\"wp-block-embed__wrapper\">\n<blockquote class=\"wp-embedded-content\" data-secret=\"LfIZ6tkTD8\"><a href=\"https:\/\/bestaliproducts.com\/top-5-clothing-stores-for-women-on-aliexpress\/\">Top Clothing Stores for Women on Aliexpress 2021<\/a><\/blockquote><iframe class=\"wp-embedded-content\" sandbox=\"allow-scripts\" security=\"restricted\" style=\"position: absolute; clip: rect(1px, 1px, 1px, 1px);\" title=\"&quot;Top Clothing Stores for Women on Aliexpress 2021&quot; - Produtos Aliexpress mais vendidos na ponta dos seus dedos\" src=\"https:\/\/bestaliproducts.com\/top-5-clothing-stores-for-women-on-aliexpress\/embed\/#?secret=LfIZ6tkTD8\" data-secret=\"LfIZ6tkTD8\" width=\"600\" height=\"338\" frameborder=\"0\" marginwidth=\"0\" marginheight=\"0\" scrolling=\"no\"><\/iframe>\n<\/div><\/figure>","protected":false},"excerpt":{"rendered":"<p>Ol\u00e1 amantes da Aliexpress, estamos todos aqui para partilhar e cuidar. O meu nome \u00e9 Jessica Peterson. Estou a fazer compras na Aliexpress desde 2015. A AliExpress \u00e9 uma das maiores...<\/p>","protected":false},"author":1,"featured_media":0,"parent":0,"menu_order":0,"comment_status":"closed","ping_status":"closed","template":"","meta":{"ub_ctt_via":""},"featured_image_src":null,"yoast_head":"<!-- This site is optimized with the Yoast SEO plugin v21.5 - https:\/\/yoast.com\/wordpress\/plugins\/seo\/ -->\n<title>About me - Jessica Peterson - Best Selling Aliexpress Products at your Fingertips<\/title>\n<meta name=\"robots\" content=\"index, follow, max-snippet:-1, max-image-preview:large, max-video-preview:-1\" \/>\n<link rel=\"canonical\" href=\"https:\/\/bestaliproducts.com\/pt\/sobre\/\" \/>\n<meta property=\"og:locale\" content=\"pt_PT\" \/>\n<meta property=\"og:type\" content=\"article\" \/>\n<meta property=\"og:title\" content=\"About me - Jessica Peterson - Best Selling Aliexpress Products at your Fingertips\" \/>\n<meta property=\"og:description\" content=\"Hey Aliexpress lovers, we are all here to share and care. My name is Jessica Peterson. I have being shopping on Aliexpress since 2015. AliExpress is one of the major&hellip;\" \/>\n<meta property=\"og:url\" content=\"https:\/\/bestaliproducts.com\/pt\/sobre\/\" \/>\n<meta property=\"og:site_name\" content=\"Best Selling Aliexpress Products at your Fingertips\" \/>\n<meta property=\"article:publisher\" content=\"https:\/\/www.facebook.com\/bestaliproducts\/\" \/>\n<meta property=\"article:modified_time\" content=\"2023-06-06T02:59:09+00:00\" \/>\n<meta property=\"og:image\" content=\"https:\/\/bestaliproducts.com\/wp-content\/uploads\/2017\/07\/ava-abotu.jpg\" \/>\n<meta name=\"twitter:card\" content=\"summary_large_image\" \/>\n<meta name=\"twitter:label1\" content=\"Tempo estimado de leitura\" \/>\n\t<meta name=\"twitter:data1\" content=\"2 minutos\" \/>\n<!-- \/ Yoast SEO plugin. -->","yoast_head_json":{"title":"About me - Jessica Peterson - Best Selling Aliexpress Products at your Fingertips","robots":{"index":"index","follow":"follow","max-snippet":"max-snippet:-1","max-image-preview":"max-image-preview:large","max-video-preview":"max-video-preview:-1"},"canonical":"https:\/\/bestaliproducts.com\/pt\/sobre\/","og_locale":"pt_PT","og_type":"article","og_title":"About me - Jessica Peterson - Best Selling Aliexpress Products at your Fingertips","og_description":"Hey Aliexpress lovers, we are all here to share and care. My name is Jessica Peterson. I have being shopping on Aliexpress since 2015. AliExpress is one of the major&hellip;","og_url":"https:\/\/bestaliproducts.com\/pt\/sobre\/","og_site_name":"Best Selling Aliexpress Products at your Fingertips","article_publisher":"https:\/\/www.facebook.com\/bestaliproducts\/","article_modified_time":"2023-06-06T02:59:09+00:00","og_image":[{"url":"https:\/\/bestaliproducts.com\/wp-content\/uploads\/2017\/07\/ava-abotu.jpg"}],"twitter_card":"summary_large_image","twitter_misc":{"Tempo estimado de leitura":"2 minutos"},"schema":{"@context":"https:\/\/schema.org","@graph":[{"@type":"WebPage","@id":"https:\/\/bestaliproducts.com\/about\/","url":"https:\/\/bestaliproducts.com\/about\/","name":"About me - Jessica Peterson - Best Selling Aliexpress Products at your Fingertips","isPartOf":{"@id":"https:\/\/bestaliproducts.com\/#website"},"datePublished":"2018-04-09T14:40:57+00:00","dateModified":"2023-06-06T02:59:09+00:00","breadcrumb":{"@id":"https:\/\/bestaliproducts.com\/about\/#breadcrumb"},"inLanguage":"pt-PT","potentialAction":[{"@type":"ReadAction","target":["https:\/\/bestaliproducts.com\/about\/"]}]},{"@type":"BreadcrumbList","@id":"https:\/\/bestaliproducts.com\/about\/#breadcrumb","itemListElement":[{"@type":"ListItem","position":1,"name":"Home","item":"https:\/\/bestaliproducts.com\/"},{"@type":"ListItem","position":2,"name":"About me &#8211; Jessica Peterson"}]},{"@type":"WebSite","@id":"https:\/\/bestaliproducts.com\/#website","url":"https:\/\/bestaliproducts.com\/","name":"Best Selling Aliexpress Products at your Fingertips","description":"We Review, You Shop","publisher":{"@id":"https:\/\/bestaliproducts.com\/#organization"},"potentialAction":[{"@type":"SearchAction","target":{"@type":"EntryPoint","urlTemplate":"https:\/\/bestaliproducts.com\/?s={search_term_string}"},"query-input":"required name=search_term_string"}],"inLanguage":"pt-PT"},{"@type":"Organization","@id":"https:\/\/bestaliproducts.com\/#organization","name":"Best Ali Products","url":"https:\/\/bestaliproducts.com\/","logo":{"@type":"ImageObject","inLanguage":"pt-PT","@id":"https:\/\/bestaliproducts.com\/#\/schema\/logo\/image\/","url":"https:\/\/bestaliproducts.com\/wp-content\/uploads\/2018\/12\/bestaliproduct-logo.png","contentUrl":"https:\/\/bestaliproducts.com\/wp-content\/uploads\/2018\/12\/bestaliproduct-logo.png","width":592,"height":89,"caption":"Best Ali Products"},"image":{"@id":"https:\/\/bestaliproducts.com\/#\/schema\/logo\/image\/"},"sameAs":["https:\/\/www.facebook.com\/bestaliproducts\/","https:\/\/www.youtube.com\/channel\/UCTHy7Lm9DLrrVMoqqXQGWeQ"]}]}},"_links":{"self":[{"href":"https:\/\/bestaliproducts.com\/pt\/wp-json\/wp\/v2\/pages\/1288"}],"collection":[{"href":"https:\/\/bestaliproducts.com\/pt\/wp-json\/wp\/v2\/pages"}],"about":[{"href":"https:\/\/bestaliproducts.com\/pt\/wp-json\/wp\/v2\/types\/page"}],"author":[{"embeddable":true,"href":"https:\/\/bestaliproducts.com\/pt\/wp-json\/wp\/v2\/users\/1"}],"replies":[{"embeddable":true,"href":"https:\/\/bestaliproducts.com\/pt\/wp-json\/wp\/v2\/comments?post=1288"}],"version-history":[{"count":4,"href":"https:\/\/bestaliproducts.com\/pt\/wp-json\/wp\/v2\/pages\/1288\/revisions"}],"predecessor-version":[{"id":8933,"href":"https:\/\/bestaliproducts.com\/pt\/wp-json\/wp\/v2\/pages\/1288\/revisions\/8933"}],"wp:attachment":[{"href":"https:\/\/bestaliproducts.com\/pt\/wp-json\/wp\/v2\/media?parent=1288"}],"curies":[{"name":"wp","href":"https:\/\/api.w.org\/{rel}","templated":true}]}}